{"id":36228,"date":"2025-09-29T17:08:13","date_gmt":"2025-09-29T15:08:13","guid":{"rendered":"https:\/\/odiseimusic.com\/?page_id=36228"},"modified":"2025-09-30T17:23:42","modified_gmt":"2025-09-30T15:23:42","slug":"faqs-tc","status":"publish","type":"page","link":"https:\/\/odiseimusic.com\/it\/faqs-tc\/","title":{"rendered":"FAQ TC"},"content":{"rendered":"<details class=\"wp-block-details is-layout-flow wp-block-details-is-layout-flow\"><summary>Quali dimensioni di bocchino funzionano con l'Travel Sax?<\/summary>\n<p>Puoi utilizzare un bocchino da Soprano, Alto, Tenore o Baritono. L'Travel Sax funziona con un bocchino standard da contralto, ma abbiamo progettato 3 adattatori (Soprano, Tenore e Baritono) per permetterti di utilizzare qualsiasi bocchino tu voglia.<\/p>\n<\/details>\n\n\n\n<details class=\"wp-block-details is-layout-flow wp-block-details-is-layout-flow\"><summary>Il bocchino pu\u00f2 controllare l'intonazione o il vibrato?<\/summary>\n<p>Non ancora. Probabilmente nelle future versioni Travel Sax \ud83c\udfb7<\/p>\n<\/details>\n\n\n\n<pre class=\"wp-block-code\"><code>\n<br><a>Il bocchino pu\u00f2 controllare l'altezza o il vibrato? <\/a>\n                Non ancora. Probabilmente nelle future versioni dell'Travel Sax\".\n<br><a>Quante ottave pu\u00f2 suonare l'Travel Sax? <\/a>\n                Al momento tre ottave. L'Travel Sax ha una gamma normale di sassofoni che va da Bb3 a F#6.\n                                            <a>Riconosce le pennate alternate o quelle in altissimo? <\/a>\n                S\u00ec, abbiamo programmato alcune delle principali diteggiature in altissimo. Pensiamo che sia uno strumento molto utile da avere. \u00c8 fantastico poter imparare ed esercitarsi tranquillamente nel registro alto con il tuo Travel Sax.\n<\/code><\/pre>\n\n\n\n<p>Tuttavia, tieni presente che alcune delle diteggiature normalmente utilizzate in questa gamma non sono programmabili a causa delle restrizioni del tasto Travel Sax (il tasto \"X\", ad esempio, \u00e8 unito al tasto \"P\").<br><a tabindex=\"0\">Come faccio a controllare il volume mentre soffio?<\/a><br>L'Travel Sax \u00e8 dotato di un sensore di pressione che rileva l'intensit\u00e0 del soffio e determina istantaneamente il livello di volume corretto.<br><a tabindex=\"0\">Se soffio attraverso un bocchino normale, come pu\u00f2 non produrre un suono intrusivo dall'ancia?<\/a><br>La causa \u00e8 il flusso d'aria. Il circuito interno che guida l'aria nell'Travel Sax \u00e8 molto pi\u00f9 piccolo rispetto a quello di un sassofono standard e impedisce all'ancia di vibrare e produrre il suono.<br><a tabindex=\"0\">Viene fornito con qualche voce? Quali voci di sassofono o di altri strumenti sono in dotazione?<\/a><br>Al momento abbiamo i toni del sassofono contralto, tenore e soprano nella nostra app. Stiamo lavorando anche su altri suoni di sassofono. La cosa bella \u00e8 che se vuoi il suono di altri strumenti puoi usare altre applicazioni come Garage Band, Ableton Live e molte altre.<br><a tabindex=\"0\">Si tratta di un'interfaccia MIDI?<\/a><br>S\u00ec, davvero!<br><a tabindex=\"0\">Qual \u00e8 la latenza?<\/a><br>Molto basso (8-10ms) se usi la connessione Bluetooth e 0ms se usi la connessione USB al computer.<br><a tabindex=\"0\">Posso esibirmi professionalmente con l'Travel Sax come farei con un sassofono o un controller a fiato standard? In caso contrario, quali sono le limitazioni?<\/a><br>L'idea \u00e8 quella di lanciare Travel Sax come strumento per fare pratica, ma il nostro obiettivo \u00e8 quello di arrivare al livello PRO. Idealmente dovresti essere in grado di esibirti dal vivo senza problemi. Stiamo lavorando duramente per arrivare a questo punto, in modo da poter dire 100% sicuro, s\u00ec. Stiamo migliorando i sensori in modo che i giocatori professionisti possano sentire che il Sax da viaggio \u00e8 anche uno strumento per le prestazioni.<br><a tabindex=\"0\">Cosa devo fare se l'applicazione Travel Sax 1 non suona come previsto quando faccio suonare il mio Travel Sax?<\/a><br>Apri l'applicazione Travel Sax e tocca il pulsante \"Effetti\". Quindi modifica la dimensione del buffer in Bassa, Media o Alta fino a ottenere un suono di buona qualit\u00e0.<\/p>","protected":false},"excerpt":{"rendered":"<p>Nevertheless, be aware that some of the usual fingerings used in this range are not programed because of the Travel Sax key\u00e2\u20ac\u2122s restricitons (the \u00e2\u20ac\u0153X\u00e2\u20ac\u009d key for instance is united to the \u00e2\u20ac\u0153P\u00e2\u20ac\u009d key).How do I control the volume while blowing?Travel Sax has a pressure sensor that detects the blowing intensity and instantly determines the [&hellip;]<\/p>\n","protected":false},"author":197381757,"featured_media":0,"parent":0,"menu_order":0,"comment_status":"closed","ping_status":"closed","template":"","meta":{"footnotes":""},"page-type":[],"class_list":["post-36228","page","type-page","status-publish","hentry"],"meta_box":{"page_countdown":[],"lp_faq":[],"image_vert":[],"image_hori":[],"h_larg_product_slider":[]},"_links":{"self":[{"href":"https:\/\/odiseimusic.com\/it\/wp-json\/wp\/v2\/pages\/36228","targetHints":{"allow":["GET"]}}],"collection":[{"href":"https:\/\/odiseimusic.com\/it\/wp-json\/wp\/v2\/pages"}],"about":[{"href":"https:\/\/odiseimusic.com\/it\/wp-json\/wp\/v2\/types\/page"}],"author":[{"embeddable":true,"href":"https:\/\/odiseimusic.com\/it\/wp-json\/wp\/v2\/users\/197381757"}],"replies":[{"embeddable":true,"href":"https:\/\/odiseimusic.com\/it\/wp-json\/wp\/v2\/comments?post=36228"}],"version-history":[{"count":0,"href":"https:\/\/odiseimusic.com\/it\/wp-json\/wp\/v2\/pages\/36228\/revisions"}],"wp:attachment":[{"href":"https:\/\/odiseimusic.com\/it\/wp-json\/wp\/v2\/media?parent=36228"}],"wp:term":[{"taxonomy":"page-type","embeddable":true,"href":"https:\/\/odiseimusic.com\/it\/wp-json\/wp\/v2\/page-type?post=36228"}],"curies":[{"name":"wp","href":"https:\/\/api.w.org\/{rel}","templated":true}]}}