{"id":29630,"date":"2025-01-16T20:49:26","date_gmt":"2025-01-16T19:49:26","guid":{"rendered":"https:\/\/odisei.presspulp.com\/?page_id=29630"},"modified":"2025-08-13T18:33:34","modified_gmt":"2025-08-13T16:33:34","slug":"endorsers","status":"publish","type":"page","link":"https:\/\/odiseimusic.com\/usa\/endorsers\/","title":{"rendered":"Become an Ambassador"},"content":{"rendered":"<div style=\"height:33px\" aria-hidden=\"true\" class=\"wp-block-spacer\"><\/div>\n\n\n\n<p class=\"has-medium-font-size\">Are you passionate about music and enjoy creating content or teaching others? Do you believe we could work together? Please fill out the information, and we will reach out to you.<\/p>\n\n\n\n<div style=\"height:27px\" aria-hidden=\"true\" class=\"wp-block-spacer\"><\/div>\n\n\n\n<div class=\"wp-block-buttons is-content-justification-center is-layout-flex wp-container-core-buttons-is-layout-16018d1d wp-block-buttons-is-layout-flex\">\n<div class=\"wp-block-button\"><a class=\"wp-block-button__link has-white-color has-text-color has-background has-link-color wp-element-button\" href=\"https:\/\/odiseimusic.com\/usa\/brand-ambassadors\/\" style=\"background-color:#05a389\" target=\"_blank\" rel=\"noreferrer noopener\">Become an Ambassador<\/a><\/div>\n<\/div>\n\n\n\n<div style=\"height:100px\" aria-hidden=\"true\" class=\"wp-block-spacer\"><\/div>\n\n\n\n<h2 class=\"wp-block-heading\">Meet the Odisei Ambassadors \ud83c\udfb7<\/h2>\n\n\n\n<div style=\"height:32px\" aria-hidden=\"true\" class=\"wp-block-spacer\"><\/div>\n\n\n\n<p>Discover the talented saxophonists and educators who are part of our ambassador program. From jazz legends to rising stars, they share our mission of making music accessible to everyone.<\/p>\n\n\n\n<div class=\"wp-block-columns are-vertically-aligned-center is-layout-flex wp-container-core-columns-is-layout-9d6595d7 wp-block-columns-is-layout-flex\">\n<div class=\"wp-block-column is-vertically-aligned-center is-layout-flow wp-block-column-is-layout-flow\">\n<figure class=\"wp-block-image size-large\"><img loading=\"lazy\" decoding=\"async\" width=\"1024\" height=\"576\" src=\"https:\/\/odiseimusic.com\/wp-content\/uploads\/2023\/05\/maxresdefault-1024x576.jpg\" alt=\"\" class=\"wp-image-18780\" srcset=\"https:\/\/odiseimusic.com\/wp-content\/uploads\/2023\/05\/maxresdefault-1024x576.jpg 1024w, https:\/\/odiseimusic.com\/wp-content\/uploads\/2023\/05\/maxresdefault-505x284.jpg 505w, https:\/\/odiseimusic.com\/wp-content\/uploads\/2023\/05\/maxresdefault-290x163.jpg 290w, https:\/\/odiseimusic.com\/wp-content\/uploads\/2023\/05\/maxresdefault-213x120.jpg 213w, https:\/\/odiseimusic.com\/wp-content\/uploads\/2023\/05\/maxresdefault-300x169.jpg 300w, https:\/\/odiseimusic.com\/wp-content\/uploads\/2023\/05\/maxresdefault-768x432.jpg 768w, https:\/\/odiseimusic.com\/wp-content\/uploads\/2023\/05\/maxresdefault-600x338.jpg 600w, https:\/\/odiseimusic.com\/wp-content\/uploads\/2023\/05\/maxresdefault-1264x711.jpg 1264w, https:\/\/odiseimusic.com\/wp-content\/uploads\/2023\/05\/maxresdefault.jpg 1280w\" sizes=\"auto, (max-width: 1024px) 100vw, 1024px\" \/><\/figure>\n<\/div>\n\n\n\n<div class=\"wp-block-column is-vertically-aligned-center is-layout-flow wp-block-column-is-layout-flow\">\n<h2 class=\"wp-block-heading\">Nigel McGill Sax School<\/h2>\n\n\n\n<div style=\"height:16px\" aria-hidden=\"true\" class=\"wp-block-spacer\"><\/div>\n\n\n\n<p>Sax School is the easiest, fastest and most effective way to learn to play the sax. Master the basics, improvise like a virtuoso or become a true entertainer \u2013 and do it all online, on-demand from your home.<\/p>\n\n\n\n<div style=\"height:24px\" aria-hidden=\"true\" class=\"wp-block-spacer\"><\/div>\n\n\n\n<div class=\"wp-block-buttons is-layout-flex wp-block-buttons-is-layout-flex\">\n<div class=\"wp-block-button\"><a class=\"wp-block-button__link has-white-color has-text-color has-background has-link-color wp-element-button\" href=\"https:\/\/www.saxschool.online\/#section-1675721256096\" style=\"background-color:#05a389\" target=\"_blank\" rel=\"noreferrer noopener\">More info<\/a><\/div>\n<\/div>\n<\/div>\n<\/div>\n\n\n\n<div class=\"wp-block-columns are-vertically-aligned-center is-layout-flex wp-container-core-columns-is-layout-9d6595d7 wp-block-columns-is-layout-flex\">\n<div class=\"wp-block-column is-vertically-aligned-center is-layout-flow wp-block-column-is-layout-flow\">\n<figure class=\"wp-block-image size-large\"><img loading=\"lazy\" decoding=\"async\" width=\"1024\" height=\"616\" src=\"https:\/\/odiseimusic.com\/wp-content\/uploads\/2023\/08\/Captura-de-pantalla-2023-08-01-a-las-12.48.35-1024x616.png\" alt=\"\" class=\"wp-image-20069\" srcset=\"https:\/\/odiseimusic.com\/wp-content\/uploads\/2023\/08\/Captura-de-pantalla-2023-08-01-a-las-12.48.35-1024x616.png 1024w, https:\/\/odiseimusic.com\/wp-content\/uploads\/2023\/08\/Captura-de-pantalla-2023-08-01-a-las-12.48.35-505x304.png 505w, https:\/\/odiseimusic.com\/wp-content\/uploads\/2023\/08\/Captura-de-pantalla-2023-08-01-a-las-12.48.35-290x175.png 290w, https:\/\/odiseimusic.com\/wp-content\/uploads\/2023\/08\/Captura-de-pantalla-2023-08-01-a-las-12.48.35-213x128.png 213w, https:\/\/odiseimusic.com\/wp-content\/uploads\/2023\/08\/Captura-de-pantalla-2023-08-01-a-las-12.48.35-300x181.png 300w, https:\/\/odiseimusic.com\/wp-content\/uploads\/2023\/08\/Captura-de-pantalla-2023-08-01-a-las-12.48.35-768x462.png 768w, https:\/\/odiseimusic.com\/wp-content\/uploads\/2023\/08\/Captura-de-pantalla-2023-08-01-a-las-12.48.35-600x361.png 600w, https:\/\/odiseimusic.com\/wp-content\/uploads\/2023\/08\/Captura-de-pantalla-2023-08-01-a-las-12.48.35-1264x761.png 1264w, https:\/\/odiseimusic.com\/wp-content\/uploads\/2023\/08\/Captura-de-pantalla-2023-08-01-a-las-12.48.35.png 1409w\" sizes=\"auto, (max-width: 1024px) 100vw, 1024px\" \/><\/figure>\n<\/div>\n\n\n\n<div class=\"wp-block-column is-vertically-aligned-center is-layout-flow wp-block-column-is-layout-flow\">\n<h2 class=\"wp-block-heading\">Alexandra Ilieva<\/h2>\n\n\n\n<div style=\"height:16px\" aria-hidden=\"true\" class=\"wp-block-spacer\"><\/div>\n\n\n\n<p>Alexandra Ilieva is a young and inspiring girl who conquers the world with her saxophone. Her music and performances, which she shares on social networks, are a pleasure for all the senses and make our everyday life more bearable.<\/p>\n\n\n\n<div style=\"height:24px\" aria-hidden=\"true\" class=\"wp-block-spacer\"><\/div>\n\n\n\n<div class=\"wp-block-buttons is-layout-flex wp-block-buttons-is-layout-flex\">\n<div class=\"wp-block-button\"><a class=\"wp-block-button__link has-white-color has-text-color has-background has-link-color wp-element-button\" href=\"https:\/\/www.youtube.com\/channel\/UCWMzQclmvnyZK-jXMuFjdmQ\" style=\"background-color:#05a389\" target=\"_blank\" rel=\"noreferrer noopener\">More info<\/a><\/div>\n<\/div>\n<\/div>\n<\/div>\n\n\n\n<div class=\"wp-block-columns are-vertically-aligned-center is-layout-flex wp-container-core-columns-is-layout-9d6595d7 wp-block-columns-is-layout-flex\">\n<div class=\"wp-block-column is-vertically-aligned-center is-layout-flow wp-block-column-is-layout-flow\">\n<figure class=\"wp-block-image size-large\"><img loading=\"lazy\" decoding=\"async\" width=\"1024\" height=\"576\" src=\"https:\/\/odiseimusic.com\/wp-content\/uploads\/2023\/05\/fons3_1-1024x576.jpg\" alt=\"\" class=\"wp-image-18757\" srcset=\"https:\/\/odiseimusic.com\/wp-content\/uploads\/2023\/05\/fons3_1-1024x576.jpg 1024w, https:\/\/odiseimusic.com\/wp-content\/uploads\/2023\/05\/fons3_1-505x284.jpg 505w, https:\/\/odiseimusic.com\/wp-content\/uploads\/2023\/05\/fons3_1-290x163.jpg 290w, https:\/\/odiseimusic.com\/wp-content\/uploads\/2023\/05\/fons3_1-213x120.jpg 213w, https:\/\/odiseimusic.com\/wp-content\/uploads\/2023\/05\/fons3_1-300x169.jpg 300w, https:\/\/odiseimusic.com\/wp-content\/uploads\/2023\/05\/fons3_1-768x432.jpg 768w, https:\/\/odiseimusic.com\/wp-content\/uploads\/2023\/05\/fons3_1-1536x864.jpg 1536w, https:\/\/odiseimusic.com\/wp-content\/uploads\/2023\/05\/fons3_1-600x338.jpg 600w, https:\/\/odiseimusic.com\/wp-content\/uploads\/2023\/05\/fons3_1-1264x711.jpg 1264w, https:\/\/odiseimusic.com\/wp-content\/uploads\/2023\/05\/fons3_1.jpg 1920w\" sizes=\"auto, (max-width: 1024px) 100vw, 1024px\" \/><\/figure>\n<\/div>\n\n\n\n<div class=\"wp-block-column is-vertically-aligned-center is-layout-flow wp-block-column-is-layout-flow\">\n<h2 class=\"wp-block-heading\">Llibert Fortuny<\/h2>\n\n\n\n<div style=\"height:16px\" aria-hidden=\"true\" class=\"wp-block-spacer\"><\/div>\n\n\n\n<p>Llibert Fortuny is one of the most prominent and recognized jazz musicians and composers in Catalonia, Spain. His style \u2013 in which he mixes traditional jazz with electronic elements \u2013 is the result of an undeniable talent. He\u00b4s the founder of Crom\u00e0tic, an amazing music school.<\/p>\n\n\n\n<div style=\"height:24px\" aria-hidden=\"true\" class=\"wp-block-spacer\"><\/div>\n\n\n\n<div class=\"wp-block-buttons is-layout-flex wp-block-buttons-is-layout-flex\">\n<div class=\"wp-block-button\"><a class=\"wp-block-button__link has-white-color has-text-color has-background has-link-color wp-element-button\" href=\"http:\/\/new.odiseimusic.com\" style=\"background-color:#05a389\" target=\"_blank\" rel=\"noreferrer noopener\">More info<\/a><\/div>\n<\/div>\n<\/div>\n<\/div>\n\n\n\n<div class=\"wp-block-columns are-vertically-aligned-center is-layout-flex wp-container-core-columns-is-layout-9d6595d7 wp-block-columns-is-layout-flex\">\n<div class=\"wp-block-column is-vertically-aligned-center is-layout-flow wp-block-column-is-layout-flow\">\n<figure class=\"wp-block-image size-large\"><img loading=\"lazy\" decoding=\"async\" width=\"667\" height=\"375\" src=\"https:\/\/odiseimusic.com\/wp-content\/uploads\/2023\/05\/saxofonista-utrerano-Manu-Brazo_1510059079_126762127_667x375.jpg\" alt=\"\" class=\"wp-image-18748\" srcset=\"https:\/\/odiseimusic.com\/wp-content\/uploads\/2023\/05\/saxofonista-utrerano-Manu-Brazo_1510059079_126762127_667x375.jpg 667w, https:\/\/odiseimusic.com\/wp-content\/uploads\/2023\/05\/saxofonista-utrerano-Manu-Brazo_1510059079_126762127_667x375-505x284.jpg 505w, https:\/\/odiseimusic.com\/wp-content\/uploads\/2023\/05\/saxofonista-utrerano-Manu-Brazo_1510059079_126762127_667x375-290x163.jpg 290w, https:\/\/odiseimusic.com\/wp-content\/uploads\/2023\/05\/saxofonista-utrerano-Manu-Brazo_1510059079_126762127_667x375-213x120.jpg 213w, https:\/\/odiseimusic.com\/wp-content\/uploads\/2023\/05\/saxofonista-utrerano-Manu-Brazo_1510059079_126762127_667x375-300x169.jpg 300w, https:\/\/odiseimusic.com\/wp-content\/uploads\/2023\/05\/saxofonista-utrerano-Manu-Brazo_1510059079_126762127_667x375-600x337.jpg 600w\" sizes=\"auto, (max-width: 667px) 100vw, 667px\" \/><\/figure>\n<\/div>\n\n\n\n<div class=\"wp-block-column is-vertically-aligned-center is-layout-flow wp-block-column-is-layout-flow\">\n<h2 class=\"wp-block-heading\">Manu Brazo<\/h2>\n\n\n\n<div style=\"height:16px\" aria-hidden=\"true\" class=\"wp-block-spacer\"><\/div>\n\n\n\n<p>Manu Brazo is an innovative musician who is redefining the concept of the classical musician in the 21st Century. Considered one of the most influential names around the saxophone on social media, his videos have reached a million views.<\/p>\n\n\n\n<div style=\"height:24px\" aria-hidden=\"true\" class=\"wp-block-spacer\"><\/div>\n\n\n\n<div class=\"wp-block-buttons is-layout-flex wp-block-buttons-is-layout-flex\">\n<div class=\"wp-block-button\"><a class=\"wp-block-button__link has-white-color has-text-color has-background has-link-color wp-element-button\" href=\"https:\/\/www.manubrazo.com\/\" style=\"background-color:#05a389\" target=\"_blank\" rel=\"noreferrer noopener\">More info<\/a><\/div>\n<\/div>\n<\/div>\n<\/div>\n\n\n\n<div class=\"wp-block-columns are-vertically-aligned-center is-layout-flex wp-container-core-columns-is-layout-9d6595d7 wp-block-columns-is-layout-flex\">\n<div class=\"wp-block-column is-vertically-aligned-center is-layout-flow wp-block-column-is-layout-flow\">\n<figure class=\"wp-block-image size-large\"><img loading=\"lazy\" decoding=\"async\" width=\"686\" height=\"386\" src=\"https:\/\/odiseimusic.com\/wp-content\/uploads\/2023\/05\/hq720.jpg\" alt=\"\" class=\"wp-image-18749\" srcset=\"https:\/\/odiseimusic.com\/wp-content\/uploads\/2023\/05\/hq720.jpg 686w, https:\/\/odiseimusic.com\/wp-content\/uploads\/2023\/05\/hq720-505x284.jpg 505w, https:\/\/odiseimusic.com\/wp-content\/uploads\/2023\/05\/hq720-290x163.jpg 290w, https:\/\/odiseimusic.com\/wp-content\/uploads\/2023\/05\/hq720-213x120.jpg 213w, https:\/\/odiseimusic.com\/wp-content\/uploads\/2023\/05\/hq720-300x169.jpg 300w, https:\/\/odiseimusic.com\/wp-content\/uploads\/2023\/05\/hq720-600x338.jpg 600w\" sizes=\"auto, (max-width: 686px) 100vw, 686px\" \/><\/figure>\n<\/div>\n\n\n\n<div class=\"wp-block-column is-vertically-aligned-center is-layout-flow wp-block-column-is-layout-flow\">\n<h2 class=\"wp-block-heading\">Tito Hinojosa<\/h2>\n\n\n\n<div style=\"height:16px\" aria-hidden=\"true\" class=\"wp-block-spacer\"><\/div>\n\n\n\n<p>Tito Hinojosa is a saxophonist, producer and educator of Mexican origin with extensive international experience. He is a highly sought-after Jazz language and harmony teacher in the student community. He owns saxofonmoderno.com.<\/p>\n\n\n\n<div style=\"height:24px\" aria-hidden=\"true\" class=\"wp-block-spacer\"><\/div>\n\n\n\n<div class=\"wp-block-buttons is-layout-flex wp-block-buttons-is-layout-flex\">\n<div class=\"wp-block-button\"><a class=\"wp-block-button__link has-white-color has-text-color has-background has-link-color wp-element-button\" href=\"https:\/\/saxofonmoderno.com\/\" style=\"background-color:#05a389\" target=\"_blank\" rel=\"noreferrer noopener\">More info<\/a><\/div>\n<\/div>\n<\/div>\n<\/div>\n\n\n\n<div class=\"wp-block-columns are-vertically-aligned-center is-layout-flex wp-container-core-columns-is-layout-9d6595d7 wp-block-columns-is-layout-flex\">\n<div class=\"wp-block-column is-vertically-aligned-center is-layout-flow wp-block-column-is-layout-flow\">\n<figure class=\"wp-block-image size-large\"><img loading=\"lazy\" decoding=\"async\" width=\"1024\" height=\"553\" src=\"https:\/\/odiseimusic.com\/wp-content\/uploads\/2023\/08\/Captura-de-pantalla-2023-08-21-a-las-12.39.01-1024x553.png\" alt=\"\" class=\"wp-image-20270\" srcset=\"https:\/\/odiseimusic.com\/wp-content\/uploads\/2023\/08\/Captura-de-pantalla-2023-08-21-a-las-12.39.01-1024x553.png 1024w, https:\/\/odiseimusic.com\/wp-content\/uploads\/2023\/08\/Captura-de-pantalla-2023-08-21-a-las-12.39.01-505x273.png 505w, https:\/\/odiseimusic.com\/wp-content\/uploads\/2023\/08\/Captura-de-pantalla-2023-08-21-a-las-12.39.01-290x157.png 290w, https:\/\/odiseimusic.com\/wp-content\/uploads\/2023\/08\/Captura-de-pantalla-2023-08-21-a-las-12.39.01-213x115.png 213w, https:\/\/odiseimusic.com\/wp-content\/uploads\/2023\/08\/Captura-de-pantalla-2023-08-21-a-las-12.39.01-300x162.png 300w, https:\/\/odiseimusic.com\/wp-content\/uploads\/2023\/08\/Captura-de-pantalla-2023-08-21-a-las-12.39.01-768x415.png 768w, https:\/\/odiseimusic.com\/wp-content\/uploads\/2023\/08\/Captura-de-pantalla-2023-08-21-a-las-12.39.01-600x324.png 600w, https:\/\/odiseimusic.com\/wp-content\/uploads\/2023\/08\/Captura-de-pantalla-2023-08-21-a-las-12.39.01-1264x682.png 1264w, https:\/\/odiseimusic.com\/wp-content\/uploads\/2023\/08\/Captura-de-pantalla-2023-08-21-a-las-12.39.01.png 1280w\" sizes=\"auto, (max-width: 1024px) 100vw, 1024px\" \/><\/figure>\n<\/div>\n\n\n\n<div class=\"wp-block-column is-vertically-aligned-center is-layout-flow wp-block-column-is-layout-flow\">\n<h2 class=\"wp-block-heading\">Cristian Romero<\/h2>\n\n\n\n<div style=\"height:16px\" aria-hidden=\"true\" class=\"wp-block-spacer\"><\/div>\n\n\n\n<p>Peruvian musician, composer and educator. He graduated from the Carlos Valderrama Conservatory of Music as a Professional Saxophonist and Bachelor of Music Education. Endorser of important Brands worldwide.<\/p>\n\n\n\n<div style=\"height:24px\" aria-hidden=\"true\" class=\"wp-block-spacer\"><\/div>\n\n\n\n<div class=\"wp-block-buttons is-layout-flex wp-block-buttons-is-layout-flex\">\n<div class=\"wp-block-button\"><a class=\"wp-block-button__link has-white-color has-text-color has-background has-link-color wp-element-button\" href=\"https:\/\/youtu.be\/ROlzIm1tJVw?feature=shared\" style=\"background-color:#05a389\" target=\"_blank\" rel=\"noreferrer noopener\">More info<\/a><\/div>\n<\/div>\n<\/div>\n<\/div>\n\n\n\n<div class=\"wp-block-columns are-vertically-aligned-center is-layout-flex wp-container-core-columns-is-layout-9d6595d7 wp-block-columns-is-layout-flex\">\n<div class=\"wp-block-column is-vertically-aligned-center is-layout-flow wp-block-column-is-layout-flow\">\n<figure class=\"wp-block-image size-large\"><img loading=\"lazy\" decoding=\"async\" width=\"860\" height=\"537\" src=\"https:\/\/odiseimusic.com\/wp-content\/uploads\/2023\/06\/Captura-de-pantalla-2023-06-01-a-las-10.30.11.png\" alt=\"\" class=\"wp-image-18853\" srcset=\"https:\/\/odiseimusic.com\/wp-content\/uploads\/2023\/06\/Captura-de-pantalla-2023-06-01-a-las-10.30.11.png 860w, https:\/\/odiseimusic.com\/wp-content\/uploads\/2023\/06\/Captura-de-pantalla-2023-06-01-a-las-10.30.11-505x315.png 505w, https:\/\/odiseimusic.com\/wp-content\/uploads\/2023\/06\/Captura-de-pantalla-2023-06-01-a-las-10.30.11-290x181.png 290w, https:\/\/odiseimusic.com\/wp-content\/uploads\/2023\/06\/Captura-de-pantalla-2023-06-01-a-las-10.30.11-213x133.png 213w, https:\/\/odiseimusic.com\/wp-content\/uploads\/2023\/06\/Captura-de-pantalla-2023-06-01-a-las-10.30.11-300x187.png 300w, https:\/\/odiseimusic.com\/wp-content\/uploads\/2023\/06\/Captura-de-pantalla-2023-06-01-a-las-10.30.11-768x480.png 768w, https:\/\/odiseimusic.com\/wp-content\/uploads\/2023\/06\/Captura-de-pantalla-2023-06-01-a-las-10.30.11-600x375.png 600w\" sizes=\"auto, (max-width: 860px) 100vw, 860px\" \/><\/figure>\n<\/div>\n\n\n\n<div class=\"wp-block-column is-vertically-aligned-center is-layout-flow wp-block-column-is-layout-flow\">\n<h2 class=\"wp-block-heading\">Vibra-t\u00f3<\/h2>\n\n\n\n<div style=\"height:16px\" aria-hidden=\"true\" class=\"wp-block-spacer\"><\/div>\n\n\n\n<p>Vibra-T\u00f3 is a collective of multi-instrumentalist research musicians founded by Joaqu\u00edn S\u00e1nchez Gil and Miguel Guinea D\u00edaz who create musical instruments from everyday objects and waste materials.<\/p>\n\n\n\n<div style=\"height:24px\" aria-hidden=\"true\" class=\"wp-block-spacer\"><\/div>\n\n\n\n<div class=\"wp-block-buttons is-layout-flex wp-block-buttons-is-layout-flex\">\n<div class=\"wp-block-button\"><a class=\"wp-block-button__link has-white-color has-text-color has-background has-link-color wp-element-button\" href=\"https:\/\/www.vibra-to.com\/\" style=\"background-color:#05a389\" target=\"_blank\" rel=\"noreferrer noopener\">More info<\/a><\/div>\n<\/div>\n<\/div>\n<\/div>\n\n\n\n<div class=\"wp-block-columns are-vertically-aligned-center is-layout-flex wp-container-core-columns-is-layout-9d6595d7 wp-block-columns-is-layout-flex\">\n<div class=\"wp-block-column is-vertically-aligned-center is-layout-flow wp-block-column-is-layout-flow\">\n<figure class=\"wp-block-image size-large\"><img loading=\"lazy\" decoding=\"async\" width=\"1024\" height=\"577\" src=\"https:\/\/odiseimusic.com\/wp-content\/uploads\/2023\/05\/Toni-Pola-1024x577.png\" alt=\"\" class=\"wp-image-18772\" srcset=\"https:\/\/odiseimusic.com\/wp-content\/uploads\/2023\/05\/Toni-Pola-1024x577.png 1024w, https:\/\/odiseimusic.com\/wp-content\/uploads\/2023\/05\/Toni-Pola-505x285.png 505w, https:\/\/odiseimusic.com\/wp-content\/uploads\/2023\/05\/Toni-Pola-290x163.png 290w, https:\/\/odiseimusic.com\/wp-content\/uploads\/2023\/05\/Toni-Pola-213x120.png 213w, https:\/\/odiseimusic.com\/wp-content\/uploads\/2023\/05\/Toni-Pola-300x169.png 300w, https:\/\/odiseimusic.com\/wp-content\/uploads\/2023\/05\/Toni-Pola-768x433.png 768w, https:\/\/odiseimusic.com\/wp-content\/uploads\/2023\/05\/Toni-Pola-1536x866.png 1536w, https:\/\/odiseimusic.com\/wp-content\/uploads\/2023\/05\/Toni-Pola-600x338.png 600w, https:\/\/odiseimusic.com\/wp-content\/uploads\/2023\/05\/Toni-Pola-1264x713.png 1264w, https:\/\/odiseimusic.com\/wp-content\/uploads\/2023\/05\/Toni-Pola.png 1914w\" sizes=\"auto, (max-width: 1024px) 100vw, 1024px\" \/><\/figure>\n<\/div>\n\n\n\n<div class=\"wp-block-column is-vertically-aligned-center is-layout-flow wp-block-column-is-layout-flow\">\n<h2 class=\"wp-block-heading\">Toni Pola<\/h2>\n\n\n\n<div style=\"height:16px\" aria-hidden=\"true\" class=\"wp-block-spacer\"><\/div>\n\n\n\n<p>Musician with long experience in the fields of classical music for saxophone, contemporary, modern and jazz. Dubbing actor and radio announcer. He is the founder of the youtube channel Saxo En la Red.<\/p>\n\n\n\n<div style=\"height:24px\" aria-hidden=\"true\" class=\"wp-block-spacer\"><\/div>\n\n\n\n<div class=\"wp-block-buttons is-layout-flex wp-block-buttons-is-layout-flex\">\n<div class=\"wp-block-button\"><a class=\"wp-block-button__link has-white-color has-text-color has-background has-link-color wp-element-button\" href=\"https:\/\/www.youtube.com\/watch?v=vtvpyvWW5Es\" style=\"background-color:#05a389\" target=\"_blank\" rel=\"noreferrer noopener\">More info<\/a><\/div>\n<\/div>\n<\/div>\n<\/div>\n\n\n\n<hr class=\"wp-block-separator has-text-color has-alpha-channel-opacity has-background\" style=\"background-color:#434343;color:#434343\"\/>\n\n\n\n<p class=\"has-text-align-center\">Hear what our community has to say about the Travel Sax!<\/p>\n\n\n\n<div class=\"wp-block-buttons is-content-justification-center is-layout-flex wp-container-core-buttons-is-layout-16018d1d wp-block-buttons-is-layout-flex\">\n<div class=\"wp-block-button\"><a class=\"wp-block-button__link has-background has-text-align-center wp-element-button\" href=\"https:\/\/odiseimusic.com\/usa\/reviews\/\" style=\"background-color:#05a389\">Go to Community Highlights<\/a><\/div>\n<\/div>\n\n\n\n<p><\/p>\n\n\n\n<p><\/p>","protected":false},"excerpt":{"rendered":"<p>Are you passionate about music and enjoy creating content or teaching others? Do you believe we could work together? Please fill out the information, and we will reach out to you. Meet the Odisei Ambassadors \ud83c\udfb7 Discover the talented saxophonists and educators who are part of our ambassador program. From jazz legends to rising stars, [&hellip;]<\/p>\n","protected":false},"author":197381740,"featured_media":0,"parent":0,"menu_order":0,"comment_status":"closed","ping_status":"closed","template":"","meta":{"footnotes":""},"page-type":[],"class_list":["post-29630","page","type-page","status-publish","hentry"],"meta_box":{"page_countdown":[],"lp_faq":[],"image_vert":[],"image_hori":[],"h_larg_product_slider":[]},"_links":{"self":[{"href":"https:\/\/odiseimusic.com\/usa\/wp-json\/wp\/v2\/pages\/29630","targetHints":{"allow":["GET"]}}],"collection":[{"href":"https:\/\/odiseimusic.com\/usa\/wp-json\/wp\/v2\/pages"}],"about":[{"href":"https:\/\/odiseimusic.com\/usa\/wp-json\/wp\/v2\/types\/page"}],"author":[{"embeddable":true,"href":"https:\/\/odiseimusic.com\/usa\/wp-json\/wp\/v2\/users\/197381740"}],"replies":[{"embeddable":true,"href":"https:\/\/odiseimusic.com\/usa\/wp-json\/wp\/v2\/comments?post=29630"}],"version-history":[{"count":0,"href":"https:\/\/odiseimusic.com\/usa\/wp-json\/wp\/v2\/pages\/29630\/revisions"}],"wp:attachment":[{"href":"https:\/\/odiseimusic.com\/usa\/wp-json\/wp\/v2\/media?parent=29630"}],"wp:term":[{"taxonomy":"page-type","embeddable":true,"href":"https:\/\/odiseimusic.com\/usa\/wp-json\/wp\/v2\/page-type?post=29630"}],"curies":[{"name":"wp","href":"https:\/\/api.w.org\/{rel}","templated":true}]}}